{"id":57,"date":"2019-08-06T16:48:35","date_gmt":"2019-08-06T16:48:35","guid":{"rendered":"http:\/\/tagderbewerbung-lev.com\/?page_id=57"},"modified":"2025-09-15T09:39:09","modified_gmt":"2025-09-15T09:39:09","slug":"simulation-von-bewerbungsgespraechen","status":"publish","type":"page","link":"https:\/\/tagderbewerbung-lev.com\/?page_id=57","title":{"rendered":"Simulation von Bewerbungsgespr\u00e4chen"},"content":{"rendered":"<p>\n<!--StartFragment--><\/p>\n\n\n<p class=\"has-dark-gray-blue-color has-text-color\" style=\"font-size:17px\">In diesen Veranstaltungen werden Bewerbungsgespr\u00e4che zwischen Fachleuten aus der Wirtschaft und Bewerbern simuliert. Anschlie\u00dfend wird dar\u00fcber diskutiert, was gut war und was nicht.<\/p>\n\n\n\n<p class=\"has-dark-gray-blue-color has-text-color\" style=\"font-size:17px\">Setz dich einfach dazu und schau dir das Ganze an. Hier bekommst du ganz wichtige Hinweise f\u00fcr dein Bewerbungsverfahren! Ganz real, ganz hautnah!<\/p>\n\n\n\n<p><\/p>\n\n\n\n<p class=\"has-dark-gray-color has-text-color\" style=\"font-size:17px\"><strong>Simulation von Bewerbungsgespr\u00e4chen (Kaufm\u00e4nnische Ausbildungen)<\/strong><\/p>\n\n\n\n<p class=\"has-dark-gray-color has-text-color\" style=\"font-size:17px\"><\/p>\n\n\n\n<p class=\"has-dark-gray-color has-text-color\"><\/p>\n\n\n\n<p class=\"has-dark-gray-color has-text-color\" style=\"font-size:17px\"><strong>Simulation von Bewerbungsgespr\u00e4chen (Technische Ausbildungen)<\/strong><\/p>\n\n\n\n<p class=\"has-dark-gray-color has-text-color\" style=\"font-size:17px\"><\/p>\n\n\n\n<p>Das gesamte Rahmenprogramm findet ihr hier: <\/p>\n\n\n<p><!--EndFragment--><\/p>","protected":false},"excerpt":{"rendered":"<p>In diesen Veranstaltungen werden Bewerbungsgespr\u00e4che zwischen Fachleuten aus der Wirtschaft und Bewerbern simuliert. Anschlie\u00dfend wird dar\u00fcber diskutiert, was gut war und was nicht. Setz dich einfach dazu und schau dir das Ganze an. Hier bekommst du ganz wichtige Hinweise f\u00fcr dein Bewerbungsverfahren! Ganz real, ganz hautnah! Simulation von Bewerbungsgespr\u00e4chen (Kaufm\u00e4nnische Ausbildungen) Simulation von Bewerbungsgespr\u00e4chen (Technische&#8230; <\/p>\n<div class=\"link-more\"><a href=\"https:\/\/tagderbewerbung-lev.com\/?page_id=57\">Weiterlesen<\/a><\/div>\n","protected":false},"author":1,"featured_media":0,"parent":0,"menu_order":0,"comment_status":"closed","ping_status":"closed","template":"","meta":{"footnotes":""},"class_list":["post-57","page","type-page","status-publish","hentry"],"_links":{"self":[{"href":"https:\/\/tagderbewerbung-lev.com\/index.php?rest_route=\/wp\/v2\/pages\/57","targetHints":{"allow":["GET"]}}],"collection":[{"href":"https:\/\/tagderbewerbung-lev.com\/index.php?rest_route=\/wp\/v2\/pages"}],"about":[{"href":"https:\/\/tagderbewerbung-lev.com\/index.php?rest_route=\/wp\/v2\/types\/page"}],"author":[{"embeddable":true,"href":"https:\/\/tagderbewerbung-lev.com\/index.php?rest_route=\/wp\/v2\/users\/1"}],"replies":[{"embeddable":true,"href":"https:\/\/tagderbewerbung-lev.com\/index.php?rest_route=%2Fwp%2Fv2%2Fcomments&post=57"}],"version-history":[{"count":16,"href":"https:\/\/tagderbewerbung-lev.com\/index.php?rest_route=\/wp\/v2\/pages\/57\/revisions"}],"predecessor-version":[{"id":760,"href":"https:\/\/tagderbewerbung-lev.com\/index.php?rest_route=\/wp\/v2\/pages\/57\/revisions\/760"}],"wp:attachment":[{"href":"https:\/\/tagderbewerbung-lev.com\/index.php?rest_route=%2Fwp%2Fv2%2Fmedia&parent=57"}],"curies":[{"name":"wp","href":"https:\/\/api.w.org\/{rel}","templated":true}]}}