{"id":67,"date":"2019-08-06T16:54:13","date_gmt":"2019-08-06T16:54:13","guid":{"rendered":"http:\/\/tagderbewerbung-lev.com\/?page_id=67"},"modified":"2023-08-15T07:25:15","modified_gmt":"2023-08-15T07:25:15","slug":"online-bewerbung","status":"publish","type":"page","link":"https:\/\/tagderbewerbung-lev.com\/?page_id=67","title":{"rendered":"Online-Bewerbung &#8211; Neue Wege der Bewerbung"},"content":{"rendered":"<p><!--StartFragment--><\/p>\n<p><!--EndFragment--><\/p>\n\n\n<p style=\"font-size:17px\">Immer mehr Firmen bevorzugen die\nOnline-Bewerbung per E-Mail oder Webformular.<\/p>\n\n\n\n<p style=\"font-size:17px\">Die Vorteile liegen dabei auf der Hand:<\/p>\n\n\n\n<ul class=\"wp-block-list\">\n<li style=\"font-size:17px\">Deine Bewerbung kommt schneller beim Unternehmen an, genauso wie die      Empfangsbest\u00e4tigung an dich.<\/li>\n\n\n\n<li style=\"font-size:17px\">Es ist g\u00fcnstig und spart Papier. <\/li>\n\n\n\n<li style=\"font-size:17px\">Die  Bewerbung ist schneller bei der zust\u00e4ndigen Person und l\u00e4sst sich leichter bearbeiten.<\/li>\n<\/ul>\n\n\n\n<p style=\"font-size:17px\">Leider geben sich viele Bewerber dabei\nweniger M\u00fche als bei der klassischen Mappe. Doch wer bei der Online-Bewerbung\nschludrig r\u00fcberkommt, vertut leichtfertig seine Chance auf ein\nVorstellungsgespr\u00e4ch.<\/p>\n\n\n\n<p style=\"font-size:17px\">Auch Einstellungstest laufen in gro\u00dfen Unternehmen oft online ab, sogar telefonische Bewerbungsgespr\u00e4che kommen vor.<\/p>\n\n\n\n<p style=\"font-size:17px\">Beim &#8222;Tag der Bewerbung&#8220; kannst du dich dar\u00fcber informieren, welche Aussteller diese Verfahren bereits nutzen und worauf es ankommt.<\/p>\n\n\n\n<p class=\"has-text-align-center has-text-color\" style=\"color:#fc060e;font-size:22px\"><strong>Auf all das kann man sich vorbereiten und man sollte wissen, wie man es richtig macht.<\/strong><\/p>\n\n\n\n<p style=\"font-size:17px\"><\/p>\n\n\n\n<p style=\"font-size:17px\"><\/p>\n","protected":false},"excerpt":{"rendered":"<p>Immer mehr Firmen bevorzugen die Online-Bewerbung per E-Mail oder Webformular. Die Vorteile liegen dabei auf der Hand: Leider geben sich viele Bewerber dabei weniger M\u00fche als bei der klassischen Mappe. Doch wer bei der Online-Bewerbung schludrig r\u00fcberkommt, vertut leichtfertig seine Chance auf ein Vorstellungsgespr\u00e4ch. Auch Einstellungstest laufen in gro\u00dfen Unternehmen oft online ab, sogar telefonische&#8230; <\/p>\n<div class=\"link-more\"><a href=\"https:\/\/tagderbewerbung-lev.com\/?page_id=67\">Weiterlesen<\/a><\/div>\n","protected":false},"author":1,"featured_media":0,"parent":0,"menu_order":0,"comment_status":"closed","ping_status":"closed","template":"","meta":{"footnotes":""},"class_list":["post-67","page","type-page","status-publish","hentry"],"_links":{"self":[{"href":"https:\/\/tagderbewerbung-lev.com\/index.php?rest_route=\/wp\/v2\/pages\/67","targetHints":{"allow":["GET"]}}],"collection":[{"href":"https:\/\/tagderbewerbung-lev.com\/index.php?rest_route=\/wp\/v2\/pages"}],"about":[{"href":"https:\/\/tagderbewerbung-lev.com\/index.php?rest_route=\/wp\/v2\/types\/page"}],"author":[{"embeddable":true,"href":"https:\/\/tagderbewerbung-lev.com\/index.php?rest_route=\/wp\/v2\/users\/1"}],"replies":[{"embeddable":true,"href":"https:\/\/tagderbewerbung-lev.com\/index.php?rest_route=%2Fwp%2Fv2%2Fcomments&post=67"}],"version-history":[{"count":11,"href":"https:\/\/tagderbewerbung-lev.com\/index.php?rest_route=\/wp\/v2\/pages\/67\/revisions"}],"predecessor-version":[{"id":627,"href":"https:\/\/tagderbewerbung-lev.com\/index.php?rest_route=\/wp\/v2\/pages\/67\/revisions\/627"}],"wp:attachment":[{"href":"https:\/\/tagderbewerbung-lev.com\/index.php?rest_route=%2Fwp%2Fv2%2Fmedia&parent=67"}],"curies":[{"name":"wp","href":"https:\/\/api.w.org\/{rel}","templated":true}]}}